{"id":891,"date":"2025-10-27T15:16:43","date_gmt":"2025-10-27T15:16:43","guid":{"rendered":"https:\/\/tetema.mg\/?post_type=product&#038;p=891"},"modified":"2025-12-04T07:48:20","modified_gmt":"2025-12-04T07:48:20","slug":"medaille-vip-100-personnalisable-en-acrylique-acier","status":"publish","type":"product","link":"https:\/\/tetema.mg\/?product=medaille-vip-100-personnalisable-en-acrylique-acier","title":{"rendered":"M\u00e9daille VIP 100% Personnalisable en Acrylique &#038; Acier"},"content":{"rendered":"<div dir=\"auto\"><span class=\"html-span xexx8yu xyri2b x18d9i69 x1c1uobl x1hl2dhg x16tdsg8 x1vvkbs x3nfvp2 x1j61x8r x1fcty0u xdj266r xat24cr xm2jcoa x1mpyi22 xxymvpz xlup9mm x1kky2od\"><img decoding=\"async\" class=\"xz74otr x15mokao x1ga7v0g x16uus16 xbiv7yw\" src=\"https:\/\/static.xx.fbcdn.net\/images\/emoji.php\/v9\/t30\/1\/16\/1f1f2_1f1ec.png\" alt=\"\ud83c\uddf2\ud83c\uddec\" width=\"16\" height=\"16\" \/><\/span> 100% Vita Malagasy<\/div>\n<div dir=\"auto\"><span class=\"html-span xexx8yu xyri2b x18d9i69 x1c1uobl x1hl2dhg x16tdsg8 x1vvkbs x3nfvp2 x1j61x8r x1fcty0u xdj266r xat24cr xm2jcoa x1mpyi22 xxymvpz xlup9mm x1kky2od\"><img decoding=\"async\" class=\"xz74otr x15mokao x1ga7v0g x16uus16 xbiv7yw\" src=\"https:\/\/static.xx.fbcdn.net\/images\/emoji.php\/v9\/t50\/1\/16\/1f525.png\" alt=\"\ud83d\udd25\" width=\"16\" height=\"16\" \/><\/span>Alliez la puret\u00e9 de l\u2019acrylique \u00e0 la brillance intemporelle de l\u2019acier.<\/div>\n<div dir=\"auto\"><span class=\"html-span xexx8yu xyri2b x18d9i69 x1c1uobl x1hl2dhg x16tdsg8 x1vvkbs x3nfvp2 x1j61x8r x1fcty0u xdj266r xat24cr xm2jcoa x1mpyi22 xxymvpz xlup9mm x1kky2od\"><img decoding=\"async\" class=\"xz74otr x15mokao x1ga7v0g x16uus16 xbiv7yw\" src=\"https:\/\/static.xx.fbcdn.net\/images\/emoji.php\/v9\/tf9\/1\/16\/1f48e.png\" alt=\"\ud83d\udc8e\" width=\"16\" height=\"16\" \/><\/span>Une pi\u00e8ce \u00e9l\u00e9gante et unique, o\u00f9 transparence cristalline et \u00e9clat m\u00e9tallique se rencontrent pour sublimer chaque \u00e9v\u00e9nement.<\/div>\n","protected":false},"excerpt":{"rendered":"<p>100% Vita Malagasy Alliez la puret\u00e9 de l\u2019acrylique \u00e0 la brillance intemporelle de l\u2019acier. Une pi\u00e8ce \u00e9l\u00e9gante et unique, o\u00f9 transparence cristalline et \u00e9clat m\u00e9tallique se rencontrent pour sublimer chaque \u00e9v\u00e9nement.<\/p>\n","protected":false},"featured_media":898,"template":"","meta":{"_swt_meta_header_display":false,"_swt_meta_footer_display":false,"_swt_meta_site_title_display":false,"_swt_meta_sticky_header":false,"_swt_meta_transparent_header":false},"product_brand":[],"product_cat":[45,44],"product_tag":[],"class_list":{"0":"post-891","1":"product","2":"type-product","3":"status-publish","4":"has-post-thumbnail","6":"product_cat-evenement","7":"product_cat-medaille","9":"","10":"instock","11":"shipping-taxable","12":"purchasable","13":"product-type-simple"},"jetpack_sharing_enabled":true,"_links":{"self":[{"href":"https:\/\/tetema.mg\/index.php?rest_route=\/wp\/v2\/product\/891","targetHints":{"allow":["GET"]}}],"collection":[{"href":"https:\/\/tetema.mg\/index.php?rest_route=\/wp\/v2\/product"}],"about":[{"href":"https:\/\/tetema.mg\/index.php?rest_route=\/wp\/v2\/types\/product"}],"wp:featuredmedia":[{"embeddable":true,"href":"https:\/\/tetema.mg\/index.php?rest_route=\/wp\/v2\/media\/898"}],"wp:attachment":[{"href":"https:\/\/tetema.mg\/index.php?rest_route=%2Fwp%2Fv2%2Fmedia&parent=891"}],"wp:term":[{"taxonomy":"product_brand","embeddable":true,"href":"https:\/\/tetema.mg\/index.php?rest_route=%2Fwp%2Fv2%2Fproduct_brand&post=891"},{"taxonomy":"product_cat","embeddable":true,"href":"https:\/\/tetema.mg\/index.php?rest_route=%2Fwp%2Fv2%2Fproduct_cat&post=891"},{"taxonomy":"product_tag","embeddable":true,"href":"https:\/\/tetema.mg\/index.php?rest_route=%2Fwp%2Fv2%2Fproduct_tag&post=891"}],"curies":[{"name":"wp","href":"https:\/\/api.w.org\/{rel}","templated":true}]}}