{"id":822,"date":"2025-10-27T14:14:00","date_gmt":"2025-10-27T14:14:00","guid":{"rendered":"https:\/\/tetema.mg\/?post_type=product&#038;p=822"},"modified":"2025-10-27T14:14:00","modified_gmt":"2025-10-27T14:14:00","slug":"porte-cartes-en-cuir-veritable-2","status":"publish","type":"product","link":"https:\/\/tetema.mg\/?product=porte-cartes-en-cuir-veritable-2","title":{"rendered":"PORTE CARTES  en cuir v\u00e9ritable"},"content":{"rendered":"<p>Tr\u00e8s pratique, Minimaliste, Simple d&rsquo;utilisation, avec un Design \u00e9l\u00e9gant et classe, rangez vos cartes soigneusement dans un porte cartes en vrai cuir avec des finitions imp\u00e9ccables. <span class=\"html-span xexx8yu xyri2b x18d9i69 x1c1uobl x1hl2dhg x16tdsg8 x1vvkbs x3nfvp2 x1j61x8r x1fcty0u xdj266r xat24cr xm2jcoa x1mpyi22 xxymvpz xlup9mm x1kky2od\"><img decoding=\"async\" class=\"xz74otr x15mokao x1ga7v0g x16uus16 xbiv7yw\" src=\"https:\/\/static.xx.fbcdn.net\/images\/emoji.php\/v9\/tb7\/1\/16\/1f917.png\" alt=\"\ud83e\udd17\" width=\"16\" height=\"16\" \/><\/span><\/p>\n","protected":false},"excerpt":{"rendered":"<p>Tr\u00e8s pratique, Minimaliste, Simple d&rsquo;utilisation, avec un Design \u00e9l\u00e9gant et classe, rangez vos cartes soigneusement dans un porte cartes en vrai cuir avec des finitions imp\u00e9ccables.<\/p>\n","protected":false},"featured_media":823,"template":"","meta":{"_swt_meta_header_display":false,"_swt_meta_footer_display":false,"_swt_meta_site_title_display":false,"_swt_meta_sticky_header":false,"_swt_meta_transparent_header":false},"product_brand":[],"product_cat":[42,34],"product_tag":[],"class_list":{"0":"post-822","1":"product","2":"type-product","3":"status-publish","4":"has-post-thumbnail","6":"product_cat-maroquinerie","7":"product_cat-porte-carte","9":"","10":"instock","11":"shipping-taxable","12":"purchasable","13":"product-type-simple"},"jetpack_sharing_enabled":true,"_links":{"self":[{"href":"https:\/\/tetema.mg\/index.php?rest_route=\/wp\/v2\/product\/822","targetHints":{"allow":["GET"]}}],"collection":[{"href":"https:\/\/tetema.mg\/index.php?rest_route=\/wp\/v2\/product"}],"about":[{"href":"https:\/\/tetema.mg\/index.php?rest_route=\/wp\/v2\/types\/product"}],"wp:featuredmedia":[{"embeddable":true,"href":"https:\/\/tetema.mg\/index.php?rest_route=\/wp\/v2\/media\/823"}],"wp:attachment":[{"href":"https:\/\/tetema.mg\/index.php?rest_route=%2Fwp%2Fv2%2Fmedia&parent=822"}],"wp:term":[{"taxonomy":"product_brand","embeddable":true,"href":"https:\/\/tetema.mg\/index.php?rest_route=%2Fwp%2Fv2%2Fproduct_brand&post=822"},{"taxonomy":"product_cat","embeddable":true,"href":"https:\/\/tetema.mg\/index.php?rest_route=%2Fwp%2Fv2%2Fproduct_cat&post=822"},{"taxonomy":"product_tag","embeddable":true,"href":"https:\/\/tetema.mg\/index.php?rest_route=%2Fwp%2Fv2%2Fproduct_tag&post=822"}],"curies":[{"name":"wp","href":"https:\/\/api.w.org\/{rel}","templated":true}]}}