{"id":805,"date":"2025-10-27T14:02:43","date_gmt":"2025-10-27T14:02:43","guid":{"rendered":"https:\/\/tetema.mg\/?post_type=product&#038;p=805"},"modified":"2025-10-27T14:02:43","modified_gmt":"2025-10-27T14:02:43","slug":"portefeuille-en-cuir-de-luxe-2","status":"publish","type":"product","link":"https:\/\/tetema.mg\/?product=portefeuille-en-cuir-de-luxe-2","title":{"rendered":"Portefeuille en cuir de Luxe"},"content":{"rendered":"<p>Vita Malagasy \ud83c\uddf2\ud83c\uddec<br \/>\n\ud83d\udc9d\ud83d\udc96 D\u00e9couvrez notre collection exclusive de portefeuilles faits main, con\u00e7us avec passion. Chaque pi\u00e8ce est unique, chaque couture raconte une histoire, chaque d\u00e9tail incarne la qualit\u00e9 sup\u00e9rieure. \ud83e\udd1d\ud83e\udd17<br \/>\nSans oublier la possibilit\u00e9 de les personnaliser : en y gravant vos pr\u00e9noms, logos ou autres<\/p>\n","protected":false},"excerpt":{"rendered":"<p>Vita Malagasy \ud83c\uddf2\ud83c\uddec \ud83d\udc9d\ud83d\udc96 D\u00e9couvrez notre collection exclusive de portefeuilles faits main, con\u00e7us avec passion. Chaque pi\u00e8ce est unique, chaque couture raconte une histoire, chaque d\u00e9tail incarne la qualit\u00e9 sup\u00e9rieure. \ud83e\udd1d\ud83e\udd17 Sans oublier la possibilit\u00e9 de les personnaliser : en y gravant vos pr\u00e9noms, logos ou autres<\/p>\n","protected":false},"featured_media":807,"template":"","meta":{"_swt_meta_header_display":false,"_swt_meta_footer_display":false,"_swt_meta_site_title_display":false,"_swt_meta_sticky_header":false,"_swt_meta_transparent_header":false},"product_brand":[],"product_cat":[35],"product_tag":[],"class_list":{"0":"post-805","1":"product","2":"type-product","3":"status-publish","4":"has-post-thumbnail","6":"product_cat-porte-feuilles","8":"","9":"instock","10":"shipping-taxable","11":"purchasable","12":"product-type-simple"},"jetpack_sharing_enabled":true,"_links":{"self":[{"href":"https:\/\/tetema.mg\/index.php?rest_route=\/wp\/v2\/product\/805","targetHints":{"allow":["GET"]}}],"collection":[{"href":"https:\/\/tetema.mg\/index.php?rest_route=\/wp\/v2\/product"}],"about":[{"href":"https:\/\/tetema.mg\/index.php?rest_route=\/wp\/v2\/types\/product"}],"wp:featuredmedia":[{"embeddable":true,"href":"https:\/\/tetema.mg\/index.php?rest_route=\/wp\/v2\/media\/807"}],"wp:attachment":[{"href":"https:\/\/tetema.mg\/index.php?rest_route=%2Fwp%2Fv2%2Fmedia&parent=805"}],"wp:term":[{"taxonomy":"product_brand","embeddable":true,"href":"https:\/\/tetema.mg\/index.php?rest_route=%2Fwp%2Fv2%2Fproduct_brand&post=805"},{"taxonomy":"product_cat","embeddable":true,"href":"https:\/\/tetema.mg\/index.php?rest_route=%2Fwp%2Fv2%2Fproduct_cat&post=805"},{"taxonomy":"product_tag","embeddable":true,"href":"https:\/\/tetema.mg\/index.php?rest_route=%2Fwp%2Fv2%2Fproduct_tag&post=805"}],"curies":[{"name":"wp","href":"https:\/\/api.w.org\/{rel}","templated":true}]}}