{"id":749,"date":"2025-10-27T07:07:21","date_gmt":"2025-10-27T07:07:21","guid":{"rendered":"https:\/\/tetema.mg\/?post_type=product&#038;p=749"},"modified":"2025-10-27T07:07:21","modified_gmt":"2025-10-27T07:07:21","slug":"cuir-de-moutton-et-chevre-tannage-vegetale","status":"publish","type":"product","link":"https:\/\/tetema.mg\/?product=cuir-de-moutton-et-chevre-tannage-vegetale","title":{"rendered":"Cuir de moutton et ch\u00e8vre tannage v\u00e9g\u00e9tale"},"content":{"rendered":"<div class=\"x14z9mp xat24cr x1lziwak x1vvkbs xtlvy1s x126k92a\">\n<div dir=\"auto\"><span class=\"html-span xexx8yu xyri2b x18d9i69 x1c1uobl x1hl2dhg x16tdsg8 x1vvkbs x3nfvp2 x1j61x8r x1fcty0u xdj266r xat24cr xm2jcoa x1mpyi22 xxymvpz xlup9mm x1kky2od\"><img decoding=\"async\" class=\"xz74otr x15mokao x1ga7v0g x16uus16 xbiv7yw\" src=\"https:\/\/static.xx.fbcdn.net\/images\/emoji.php\/v9\/tb7\/1\/16\/1f917.png\" alt=\"\ud83e\udd17\" width=\"16\" height=\"16\" \/><\/span> <span class=\"html-span xexx8yu xyri2b x18d9i69 x1c1uobl x1hl2dhg x16tdsg8 x1vvkbs x3nfvp2 x1j61x8r x1fcty0u xdj266r xat24cr xm2jcoa x1mpyi22 xxymvpz xlup9mm x1kky2od\"><img decoding=\"async\" class=\"xz74otr x15mokao x1ga7v0g x16uus16 xbiv7yw\" src=\"https:\/\/static.xx.fbcdn.net\/images\/emoji.php\/v9\/tf4\/1\/16\/2728.png\" alt=\"\u2728\ufe0f\" width=\"16\" height=\"16\" \/><\/span> Apr\u00e8s des mois de recherche et de d\u00e9veloppement, nous sommes tr\u00e8s heureux de vous annoncer l&rsquo;ouverture de notre tannerie. <span class=\"html-span xexx8yu xyri2b x18d9i69 x1c1uobl x1hl2dhg x16tdsg8 x1vvkbs x3nfvp2 x1j61x8r x1fcty0u xdj266r xat24cr xm2jcoa x1mpyi22 xxymvpz xlup9mm x1kky2od\"><img decoding=\"async\" class=\"xz74otr x15mokao x1ga7v0g x16uus16 xbiv7yw\" src=\"https:\/\/static.xx.fbcdn.net\/images\/emoji.php\/v9\/tf4\/1\/16\/2728.png\" alt=\"\u2728\ufe0f\" width=\"16\" height=\"16\" \/><\/span><\/div>\n<\/div>\n<div class=\"x14z9mp xat24cr x1lziwak x1vvkbs xtlvy1s x126k92a\">\n<div dir=\"auto\"><span class=\"html-span xexx8yu xyri2b x18d9i69 x1c1uobl x1hl2dhg x16tdsg8 x1vvkbs x3nfvp2 x1j61x8r x1fcty0u xdj266r xat24cr xm2jcoa x1mpyi22 xxymvpz xlup9mm x1kky2od\"><img decoding=\"async\" class=\"xz74otr x15mokao x1ga7v0g x16uus16 xbiv7yw\" src=\"https:\/\/static.xx.fbcdn.net\/images\/emoji.php\/v9\/t40\/1\/16\/1f4a5.png\" alt=\"\ud83d\udca5\" width=\"16\" height=\"16\" \/><\/span>Photos r\u00e9elles <span class=\"html-span xexx8yu xyri2b x18d9i69 x1c1uobl x1hl2dhg x16tdsg8 x1vvkbs x3nfvp2 x1j61x8r x1fcty0u xdj266r xat24cr xm2jcoa x1mpyi22 xxymvpz xlup9mm x1kky2od\"><img decoding=\"async\" class=\"xz74otr x15mokao x1ga7v0g x16uus16 xbiv7yw\" src=\"https:\/\/static.xx.fbcdn.net\/images\/emoji.php\/v9\/t40\/1\/16\/1f4a5.png\" alt=\"\ud83d\udca5\" width=\"16\" height=\"16\" \/><\/span>.<\/div>\n<\/div>\n<div class=\"x14z9mp xat24cr x1lziwak x1vvkbs xtlvy1s x126k92a\">\n<div dir=\"auto\"><span class=\"html-span xexx8yu xyri2b x18d9i69 x1c1uobl x1hl2dhg x16tdsg8 x1vvkbs x3nfvp2 x1j61x8r x1fcty0u xdj266r xat24cr xm2jcoa x1mpyi22 xxymvpz xlup9mm x1kky2od\"><img loading=\"lazy\" decoding=\"async\" class=\"xz74otr x15mokao x1ga7v0g x16uus16 xbiv7yw\" src=\"https:\/\/static.xx.fbcdn.net\/images\/emoji.php\/v9\/te0\/1\/16\/1f31f.png\" alt=\"\ud83c\udf1f\" width=\"16\" height=\"16\" \/><\/span>La \u00ab\u00a0Tetema Tannery\u00a0\u00bb est sp\u00e9cialis\u00e9e dans le tannage v\u00e9g\u00e9tal de cuir de mouton et de ch\u00e8vre.<\/div>\n<\/div>\n<div class=\"x14z9mp xat24cr x1lziwak x1vvkbs xtlvy1s x126k92a\">\n<div dir=\"auto\">Nous sommes en mesure de vous fournir du cuir de qualit\u00e9 sup\u00e9rieur, caract\u00e9ris\u00e9 par une souplesse et douceur parfaite ainsi qu&rsquo;une couleur naturelle \u00e9l\u00e9gante.<\/div>\n<\/div>\n","protected":false},"excerpt":{"rendered":"<p>Apr\u00e8s des mois de recherche et de d\u00e9veloppement, nous sommes tr\u00e8s heureux de vous annoncer l&rsquo;ouverture de notre tannerie. Photos r\u00e9elles . La \u00ab\u00a0Tetema Tannery\u00a0\u00bb est sp\u00e9cialis\u00e9e dans le tannage v\u00e9g\u00e9tal de cuir de mouton et de ch\u00e8vre. Nous sommes en mesure de vous fournir du cuir de qualit\u00e9 sup\u00e9rieur, caract\u00e9ris\u00e9 par une souplesse et [&hellip;]<\/p>\n","protected":false},"featured_media":751,"template":"","meta":{"_swt_meta_header_display":false,"_swt_meta_footer_display":false,"_swt_meta_site_title_display":false,"_swt_meta_sticky_header":false,"_swt_meta_transparent_header":false},"product_brand":[],"product_cat":[37],"product_tag":[],"class_list":{"0":"post-749","1":"product","2":"type-product","3":"status-publish","4":"has-post-thumbnail","6":"product_cat-tannerie","8":"","9":"instock","10":"shipping-taxable","11":"purchasable","12":"product-type-simple"},"jetpack_sharing_enabled":true,"_links":{"self":[{"href":"https:\/\/tetema.mg\/index.php?rest_route=\/wp\/v2\/product\/749","targetHints":{"allow":["GET"]}}],"collection":[{"href":"https:\/\/tetema.mg\/index.php?rest_route=\/wp\/v2\/product"}],"about":[{"href":"https:\/\/tetema.mg\/index.php?rest_route=\/wp\/v2\/types\/product"}],"wp:featuredmedia":[{"embeddable":true,"href":"https:\/\/tetema.mg\/index.php?rest_route=\/wp\/v2\/media\/751"}],"wp:attachment":[{"href":"https:\/\/tetema.mg\/index.php?rest_route=%2Fwp%2Fv2%2Fmedia&parent=749"}],"wp:term":[{"taxonomy":"product_brand","embeddable":true,"href":"https:\/\/tetema.mg\/index.php?rest_route=%2Fwp%2Fv2%2Fproduct_brand&post=749"},{"taxonomy":"product_cat","embeddable":true,"href":"https:\/\/tetema.mg\/index.php?rest_route=%2Fwp%2Fv2%2Fproduct_cat&post=749"},{"taxonomy":"product_tag","embeddable":true,"href":"https:\/\/tetema.mg\/index.php?rest_route=%2Fwp%2Fv2%2Fproduct_tag&post=749"}],"curies":[{"name":"wp","href":"https:\/\/api.w.org\/{rel}","templated":true}]}}