{"id":731,"date":"2025-10-27T06:53:52","date_gmt":"2025-10-27T06:53:52","guid":{"rendered":"https:\/\/tetema.mg\/?post_type=product&#038;p=731"},"modified":"2025-10-27T06:53:53","modified_gmt":"2025-10-27T06:53:53","slug":"portefeuille-de-luxe-en-vrai-cuir","status":"publish","type":"product","link":"https:\/\/tetema.mg\/?product=portefeuille-de-luxe-en-vrai-cuir","title":{"rendered":"Portefeuille de luxe en vrai cuir"},"content":{"rendered":"<p>Vita Malagasy\u00a0<span class=\"html-span xexx8yu xyri2b x18d9i69 x1c1uobl x1hl2dhg x16tdsg8 x1vvkbs x3nfvp2 x1j61x8r x1fcty0u xdj266r xat24cr xm2jcoa x1mpyi22 xxymvpz xlup9mm x1kky2od\"><img decoding=\"async\" class=\"xz74otr x15mokao x1ga7v0g x16uus16 xbiv7yw\" src=\"https:\/\/static.xx.fbcdn.net\/images\/emoji.php\/v9\/t30\/1\/16\/1f1f2_1f1ec.png\" alt=\"\ud83c\uddf2\ud83c\uddec\" width=\"16\" height=\"16\" \/><\/span><br class=\"html-br\" \/><br class=\"html-br\" \/>D\u00e9couvrez notre portefeuille de luxe en vrai cuir, un accessoire \u00e9l\u00e9gant au design authentique et sophistiqu\u00e9 confectionn\u00e9 avec soin par nos talentueux artisans .<br class=\"html-br\" \/>Chaque pi\u00e8ce est unique, chaque couture raconte une histoire, chaque d\u00e9tail incarne la qualit\u00e9 sup\u00e9rieure.\u00a0<span class=\"html-span xexx8yu xyri2b x18d9i69 x1c1uobl x1hl2dhg x16tdsg8 x1vvkbs x3nfvp2 x1j61x8r x1fcty0u xdj266r xat24cr xm2jcoa x1mpyi22 xxymvpz xlup9mm x1kky2od\"><img decoding=\"async\" class=\"xz74otr x15mokao x1ga7v0g x16uus16 xbiv7yw\" src=\"https:\/\/static.xx.fbcdn.net\/images\/emoji.php\/v9\/t64\/1\/16\/1f91d.png\" alt=\"\ud83e\udd1d\" width=\"16\" height=\"16\" \/><\/span><span class=\"html-span xexx8yu xyri2b x18d9i69 x1c1uobl x1hl2dhg x16tdsg8 x1vvkbs x3nfvp2 x1j61x8r x1fcty0u xdj266r xat24cr xm2jcoa x1mpyi22 xxymvpz xlup9mm x1kky2od\"><img decoding=\"async\" class=\"xz74otr x15mokao x1ga7v0g x16uus16 xbiv7yw\" src=\"https:\/\/static.xx.fbcdn.net\/images\/emoji.php\/v9\/tb7\/1\/16\/1f917.png\" alt=\"\ud83e\udd17\" width=\"16\" height=\"16\" \/><\/span><br class=\"html-br\" \/><br class=\"html-br\" \/>Sans oublier la possibilit\u00e9 de les personnaliser : en y gravant vos pr\u00e9noms, logos ou autres<\/p>\n","protected":false},"excerpt":{"rendered":"<p>Vita Malagasy\u00a0D\u00e9couvrez notre portefeuille de luxe en vrai cuir, un accessoire \u00e9l\u00e9gant au design authentique et sophistiqu\u00e9 confectionn\u00e9 avec soin par nos talentueux artisans .Chaque pi\u00e8ce est unique, chaque couture raconte une histoire, chaque d\u00e9tail incarne la qualit\u00e9 sup\u00e9rieure.\u00a0Sans oublier la possibilit\u00e9 de les personnaliser : en y gravant vos pr\u00e9noms, logos ou autres<\/p>\n","protected":false},"featured_media":732,"template":"","meta":{"_swt_meta_header_display":false,"_swt_meta_footer_display":false,"_swt_meta_site_title_display":false,"_swt_meta_sticky_header":false,"_swt_meta_transparent_header":false},"product_brand":[],"product_cat":[35],"product_tag":[],"class_list":{"0":"post-731","1":"product","2":"type-product","3":"status-publish","4":"has-post-thumbnail","6":"product_cat-porte-feuilles","8":"","9":"instock","10":"shipping-taxable","11":"purchasable","12":"product-type-simple"},"jetpack_sharing_enabled":true,"_links":{"self":[{"href":"https:\/\/tetema.mg\/index.php?rest_route=\/wp\/v2\/product\/731","targetHints":{"allow":["GET"]}}],"collection":[{"href":"https:\/\/tetema.mg\/index.php?rest_route=\/wp\/v2\/product"}],"about":[{"href":"https:\/\/tetema.mg\/index.php?rest_route=\/wp\/v2\/types\/product"}],"wp:featuredmedia":[{"embeddable":true,"href":"https:\/\/tetema.mg\/index.php?rest_route=\/wp\/v2\/media\/732"}],"wp:attachment":[{"href":"https:\/\/tetema.mg\/index.php?rest_route=%2Fwp%2Fv2%2Fmedia&parent=731"}],"wp:term":[{"taxonomy":"product_brand","embeddable":true,"href":"https:\/\/tetema.mg\/index.php?rest_route=%2Fwp%2Fv2%2Fproduct_brand&post=731"},{"taxonomy":"product_cat","embeddable":true,"href":"https:\/\/tetema.mg\/index.php?rest_route=%2Fwp%2Fv2%2Fproduct_cat&post=731"},{"taxonomy":"product_tag","embeddable":true,"href":"https:\/\/tetema.mg\/index.php?rest_route=%2Fwp%2Fv2%2Fproduct_tag&post=731"}],"curies":[{"name":"wp","href":"https:\/\/api.w.org\/{rel}","templated":true}]}}