{"id":729,"date":"2025-10-27T06:52:21","date_gmt":"2025-10-27T06:52:21","guid":{"rendered":"https:\/\/tetema.mg\/?post_type=product&#038;p=729"},"modified":"2025-10-27T06:52:21","modified_gmt":"2025-10-27T06:52:21","slug":"porte-cles-en-acrylique-et-vrai-cuir-personnalisables-2","status":"publish","type":"product","link":"https:\/\/tetema.mg\/?product=porte-cles-en-acrylique-et-vrai-cuir-personnalisables-2","title":{"rendered":"Porte-cl\u00e9s en acrylique et vrai cuir personnalisables"},"content":{"rendered":"<p>Vita Malagasy\u00a0<span class=\"html-span xexx8yu xyri2b x18d9i69 x1c1uobl x1hl2dhg x16tdsg8 x1vvkbs x3nfvp2 x1j61x8r x1fcty0u xdj266r xat24cr xm2jcoa x1mpyi22 xxymvpz xlup9mm x1kky2od\"><img decoding=\"async\" class=\"xz74otr x15mokao x1ga7v0g x16uus16 xbiv7yw\" src=\"https:\/\/static.xx.fbcdn.net\/images\/emoji.php\/v9\/t30\/1\/16\/1f1f2_1f1ec.png\" alt=\"\ud83c\uddf2\ud83c\uddec\" width=\"16\" height=\"16\" \/><\/span><br class=\"html-br\" \/><span class=\"html-span xexx8yu xyri2b x18d9i69 x1c1uobl x1hl2dhg x16tdsg8 x1vvkbs x3nfvp2 x1j61x8r x1fcty0u xdj266r xat24cr xm2jcoa x1mpyi22 xxymvpz xlup9mm x1kky2od\"><img decoding=\"async\" class=\"xz74otr x15mokao x1ga7v0g x16uus16 xbiv7yw\" src=\"https:\/\/static.xx.fbcdn.net\/images\/emoji.php\/v9\/t17\/1\/16\/1f49d.png\" alt=\"\ud83d\udc9d\" width=\"16\" height=\"16\" \/><\/span>\u00a0<span class=\"html-span xexx8yu xyri2b x18d9i69 x1c1uobl x1hl2dhg x16tdsg8 x1vvkbs x3nfvp2 x1j61x8r x1fcty0u xdj266r xat24cr xm2jcoa x1mpyi22 xxymvpz xlup9mm x1kky2od\"><img decoding=\"async\" class=\"xz74otr x15mokao x1ga7v0g x16uus16 xbiv7yw\" src=\"https:\/\/static.xx.fbcdn.net\/images\/emoji.php\/v9\/t2c\/1\/16\/1f631.png\" alt=\"\ud83d\ude31\" width=\"16\" height=\"16\" \/><\/span>\u00a0D\u00e9couvrez notre porte-cl\u00e9s en acrylique et cuir v\u00e9ritable, alliant \u00e9l\u00e9gance et durabilit\u00e9 pour sublimer vos essentiels du quotidien.\u00a0<span class=\"html-span xexx8yu xyri2b x18d9i69 x1c1uobl x1hl2dhg x16tdsg8 x1vvkbs x3nfvp2 x1j61x8r x1fcty0u xdj266r xat24cr xm2jcoa x1mpyi22 xxymvpz xlup9mm x1kky2od\"><img loading=\"lazy\" decoding=\"async\" class=\"xz74otr x15mokao x1ga7v0g x16uus16 xbiv7yw\" src=\"https:\/\/static.xx.fbcdn.net\/images\/emoji.php\/v9\/t84\/1\/16\/1f381.png\" alt=\"\ud83c\udf81\" width=\"16\" height=\"16\" \/><\/span>\u00a0<span class=\"html-span xexx8yu xyri2b x18d9i69 x1c1uobl x1hl2dhg x16tdsg8 x1vvkbs x3nfvp2 x1j61x8r x1fcty0u xdj266r xat24cr xm2jcoa x1mpyi22 xxymvpz xlup9mm x1kky2od\"><img loading=\"lazy\" decoding=\"async\" class=\"xz74otr x15mokao x1ga7v0g x16uus16 xbiv7yw\" src=\"https:\/\/static.xx.fbcdn.net\/images\/emoji.php\/v9\/tf4\/1\/16\/2728.png\" alt=\"\u2728\ufe0f\" width=\"16\" height=\"16\" \/><\/span><br class=\"html-br\" \/><span class=\"html-span xexx8yu xyri2b x18d9i69 x1c1uobl x1hl2dhg x16tdsg8 x1vvkbs x3nfvp2 x1j61x8r x1fcty0u xdj266r xat24cr xm2jcoa x1mpyi22 xxymvpz xlup9mm x1kky2od\"><img loading=\"lazy\" decoding=\"async\" class=\"xz74otr x15mokao x1ga7v0g x16uus16 xbiv7yw\" src=\"https:\/\/static.xx.fbcdn.net\/images\/emoji.php\/v9\/t55\/1\/16\/1f607.png\" alt=\"\ud83d\ude07\" width=\"16\" height=\"16\" \/><\/span><span class=\"html-span xexx8yu xyri2b x18d9i69 x1c1uobl x1hl2dhg x16tdsg8 x1vvkbs x3nfvp2 x1j61x8r x1fcty0u xdj266r xat24cr xm2jcoa x1mpyi22 xxymvpz xlup9mm x1kky2od\"><img loading=\"lazy\" decoding=\"async\" class=\"xz74otr x15mokao x1ga7v0g x16uus16 xbiv7yw\" src=\"https:\/\/static.xx.fbcdn.net\/images\/emoji.php\/v9\/tb7\/1\/16\/1f917.png\" alt=\"\ud83e\udd17\" width=\"16\" height=\"16\" \/><\/span>Personnalisation Totale : Choisissez la forme, et ajoutez vos logos, textes ou motifs pr\u00e9f\u00e9r\u00e9s !<\/p>\n","protected":false},"excerpt":{"rendered":"<p>Vita Malagasy\u00a0\u00a0\u00a0D\u00e9couvrez notre porte-cl\u00e9s en acrylique et cuir v\u00e9ritable, alliant \u00e9l\u00e9gance et durabilit\u00e9 pour sublimer vos essentiels du quotidien.\u00a0\u00a0Personnalisation Totale : Choisissez la forme, et ajoutez vos logos, textes ou motifs pr\u00e9f\u00e9r\u00e9s !<\/p>\n","protected":false},"featured_media":730,"template":"","meta":{"_swt_meta_header_display":false,"_swt_meta_footer_display":false,"_swt_meta_site_title_display":false,"_swt_meta_sticky_header":false,"_swt_meta_transparent_header":false},"product_brand":[],"product_cat":[31],"product_tag":[],"class_list":{"0":"post-729","1":"product","2":"type-product","3":"status-publish","4":"has-post-thumbnail","6":"product_cat-porte-cle","8":"","9":"instock","10":"shipping-taxable","11":"purchasable","12":"product-type-simple"},"jetpack_sharing_enabled":true,"_links":{"self":[{"href":"https:\/\/tetema.mg\/index.php?rest_route=\/wp\/v2\/product\/729","targetHints":{"allow":["GET"]}}],"collection":[{"href":"https:\/\/tetema.mg\/index.php?rest_route=\/wp\/v2\/product"}],"about":[{"href":"https:\/\/tetema.mg\/index.php?rest_route=\/wp\/v2\/types\/product"}],"wp:featuredmedia":[{"embeddable":true,"href":"https:\/\/tetema.mg\/index.php?rest_route=\/wp\/v2\/media\/730"}],"wp:attachment":[{"href":"https:\/\/tetema.mg\/index.php?rest_route=%2Fwp%2Fv2%2Fmedia&parent=729"}],"wp:term":[{"taxonomy":"product_brand","embeddable":true,"href":"https:\/\/tetema.mg\/index.php?rest_route=%2Fwp%2Fv2%2Fproduct_brand&post=729"},{"taxonomy":"product_cat","embeddable":true,"href":"https:\/\/tetema.mg\/index.php?rest_route=%2Fwp%2Fv2%2Fproduct_cat&post=729"},{"taxonomy":"product_tag","embeddable":true,"href":"https:\/\/tetema.mg\/index.php?rest_route=%2Fwp%2Fv2%2Fproduct_tag&post=729"}],"curies":[{"name":"wp","href":"https:\/\/api.w.org\/{rel}","templated":true}]}}